{"id":936,"date":"2022-05-22T20:37:20","date_gmt":"2022-05-22T23:37:20","guid":{"rendered":"https:\/\/www.aluminiodelparana.com.ar\/?page_id=936"},"modified":"2022-10-20T14:01:32","modified_gmt":"2022-10-20T17:01:32","slug":"inicio","status":"publish","type":"page","link":"https:\/\/www.aluminiodelparana.com.ar\/","title":{"rendered":"Inicio"},"content":{"rendered":"<p><img src=\"https:\/\/www.aluminiodelparana.com.ar\/wp-content\/uploads\/2022\/07\/pexels-pixabay-53176-scaled.jpg\" alt=\"ALUMINIO DEL PARAN\u00c1\" data-bdt-cover><\/p>\n<h2>\n\t\t\t\t\t\t\t\t\tALUMINIO DEL PARAN\u00c1\t\t\t\t\t\t\t\t<\/h2>\n<p>Perfiles de aluminio<\/p>\n<p>\t\t\t\t\t\t\t\t<img src=\"https:\/\/www.aluminiodelparana.com.ar\/wp-content\/uploads\/2022\/07\/pexels-nicole-rathmayr-220885-scaled.jpg\" alt=\"CAT\u00c1LOGO\" data-bdt-cover><\/p>\n<h2>\n\t\t\t\t\t\t\t\t\tCAT\u00c1LOGO\t\t\t\t\t\t\t\t<\/h2>\n<p>CONTAMOS CON UN CAT\u00c1LOGO CON MUCHA VARIEDAD DE POSIBILIDADES<\/p>\n<p>\t\t\t\t\t\t\t\t\t<a href=\"https:\/\/www.aluminiodelparana.com.ar\/index.php\/shop\/\" target=\"_self\" rel=\"noopener\"><br \/>\n\t\t\t\t\t\t\t\t\t\tMIRALO HACIENDO CLICK AC\u00c1<br \/>\n\t\t\t\t\t\t\t\t\t\t\t\t\t\t\t\t\t\t\t<\/a><br \/>\n\t\t\t\t\t\t\t\t<img src=\"https:\/\/www.aluminiodelparana.com.ar\/wp-content\/uploads\/2022\/07\/pexels-tamil-vanan-4966809-scaled.jpg\" alt=\"ESPECIALISTAS EN PERFILES\" data-bdt-cover><\/p>\n<h2>\n\t\t\t\t\t\t\t\t\tESPECIALISTAS EN PERFILES\t\t\t\t\t\t\t\t<\/h2>\n<p>\t\t\t\t\t\t\t<a href=\"\"><br \/>\n\t\t\t\t\t\t\t<\/a><br \/>\n\t\t\t\t\t\t\t<a href=\"\"><br \/>\n\t\t\t\t\t\t\t<\/a><br \/>\n\t\t\t\t\t\t\t\t<img src=\"https:\/\/www.aluminiodelparana.com.ar\/wp-content\/uploads\/2022\/07\/pexels-pixabay-53176-scaled.jpg\" alt=\"ALUMINIO DEL PARAN\u00c1\" data-bdt-cover><\/p>\n<h2>\n\t\t\t\t\t\t\t\t\tALUMINIO DEL PARAN\u00c1\t\t\t\t\t\t\t\t<\/h2>\n<p>Perfiles de aluminio<\/p>\n<p>\t\t\t\t\t\t\t\t<img src=\"https:\/\/www.aluminiodelparana.com.ar\/wp-content\/uploads\/2022\/07\/pexels-nicole-rathmayr-220885-scaled.jpg\" alt=\"CAT\u00c1LOGO\" data-bdt-cover><\/p>\n<h2>\n\t\t\t\t\t\t\t\t\tCAT\u00c1LOGO\t\t\t\t\t\t\t\t<\/h2>\n<p>CONTAMOS CON UN CAT\u00c1LOGO CON MUCHA VARIEDAD DE POSIBILIDADES<\/p>\n<p>\t\t\t\t\t\t\t\t\t<a href=\"https:\/\/www.aluminiodelparana.com.ar\/index.php\/shop\/\" target=\"_self\" rel=\"noopener\"><br \/>\n\t\t\t\t\t\t\t\t\t\tMIRALO HACIENDO CLICK AC\u00c1<br \/>\n\t\t\t\t\t\t\t\t\t\t\t\t\t\t\t\t\t\t\t<\/a><br \/>\n\t\t\t\t\t\t\t\t<img src=\"https:\/\/www.aluminiodelparana.com.ar\/wp-content\/uploads\/2022\/07\/pexels-tamil-vanan-4966809-scaled.jpg\" alt=\"ESPECIALISTAS EN PERFILES\" data-bdt-cover><\/p>\n<h2>\n\t\t\t\t\t\t\t\t\tESPECIALISTAS EN PERFILES\t\t\t\t\t\t\t\t<\/h2>\n<p>\t\t\t\t\t\t\t<a href=\"\"><br \/>\n\t\t\t\t\t\t\t<\/a><br \/>\n\t\t\t\t\t\t\t<a href=\"\"><br \/>\n\t\t\t\t\t\t\t<\/a><\/p>\n<style>\/*! elementor - v3.7.4 - 31-08-2022 *\/\n.elementor-heading-title{padding:0;margin:0;line-height:1}.elementor-widget-heading .elementor-heading-title[class*=elementor-size-]>a{color:inherit;font-size:inherit;line-height:inherit}.elementor-widget-heading .elementor-heading-title.elementor-size-small{font-size:15px}.elementor-widget-heading .elementor-heading-title.elementor-size-medium{font-size:19px}.elementor-widget-heading .elementor-heading-title.elementor-size-large{font-size:29px}.elementor-widget-heading .elementor-heading-title.elementor-size-xl{font-size:39px}.elementor-widget-heading .elementor-heading-title.elementor-size-xxl{font-size:59px}<\/style>\n<h2>PERFILES<\/h2>\n<ul><\/ul>\n<section data-settings=\"{&quot;layout&quot;:&quot;list&quot;,&quot;columns_desktop&quot;:3,&quot;gutter_hr&quot;:20,&quot;gutter_vr&quot;:30,&quot;animation&quot;:&quot;default&quot;,&quot;animation_duration&quot;:0.3,&quot;animation_delay&quot;:0.1,&quot;deeplinking&quot;:&quot;&quot;,&quot;filters_linkable&quot;:&quot;no&quot;,&quot;filters_default_filter&quot;:&quot;&quot;,&quot;filters_count&quot;:&quot;&quot;,&quot;filters_hide_empty&quot;:&quot;yes&quot;,&quot;filters_animation&quot;:&quot;default&quot;,&quot;filters_animation_duration&quot;:0.3,&quot;filters_animation_delay&quot;:0.1,&quot;pagination_type&quot;:&quot;load-more&quot;,&quot;pagination_max_pages&quot;:48,&quot;media_align&quot;:&quot;left&quot;,&quot;media_width&quot;:30,&quot;media_distance&quot;:20,&quot;lightbox&quot;:{&quot;selector&quot;:&quot;.wpr-grid-image-wrap&quot;,&quot;iframeMaxWidth&quot;:&quot;60%&quot;,&quot;hash&quot;:false,&quot;autoplay&quot;:&quot;true&quot;,&quot;pause&quot;:5000,&quot;progressBar&quot;:&quot;true&quot;,&quot;counter&quot;:&quot;true&quot;,&quot;controls&quot;:&quot;true&quot;,&quot;getCaptionFromTitleOrAlt&quot;:&quot;true&quot;,&quot;thumbnail&quot;:&quot;&quot;,&quot;showThumbByDefault&quot;:&quot;&quot;,&quot;share&quot;:&quot;&quot;,&quot;zoom&quot;:&quot;true&quot;,&quot;fullScreen&quot;:&quot;true&quot;,&quot;download&quot;:&quot;true&quot;}}\" data-found-posts = 284>\n<article><img src=\"https:\/\/www.aluminiodelparana.com.ar\/wp-content\/uploads\/2022\/03\/copia-conflictiva-L228.png\" alt=\"AP 1351\"><a href=\"https:\/\/www.aluminiodelparana.com.ar\/index.php\/product-category\/perfiles\/\">Perfiles<\/a><\/p>\n<h2><a href=\"https:\/\/www.aluminiodelparana.com.ar\/index.php\/product\/ap-1351\/\">AP 1351<\/a><\/h2>\n<p><a rel=\"nofollow\" aria-label=\"Eleg\u00ed las opciones para &ldquo;AP 1351&rdquo;\" data-product_id=\"920\" data-product_sku=\"0.128\" data-atc-popup=\"\" data-atc-animation=\"\" data-atc-fade-out-in=\"\" data-atc-animation-time=\"\" href=\"https:\/\/www.aluminiodelparana.com.ar\/index.php\/product\/ap-1351\/\">Ver producto<\/a><\/article>\n<article><img src=\"https:\/\/www.aluminiodelparana.com.ar\/wp-content\/uploads\/2022\/03\/copia-conflictiva-L227.png\" alt=\"AP 1146\"><a href=\"https:\/\/www.aluminiodelparana.com.ar\/index.php\/product-category\/perfiles\/\">Perfiles<\/a><\/p>\n<h2><a href=\"https:\/\/www.aluminiodelparana.com.ar\/index.php\/product\/ap-1146\/\">AP 1146<\/a><\/h2>\n<p><a rel=\"nofollow\" aria-label=\"Eleg\u00ed las opciones para &ldquo;AP 1146&rdquo;\" data-product_id=\"916\" data-product_sku=\"\" data-atc-popup=\"\" data-atc-animation=\"\" data-atc-fade-out-in=\"\" data-atc-animation-time=\"\" href=\"https:\/\/www.aluminiodelparana.com.ar\/index.php\/product\/ap-1146\/\">Ver producto<\/a><\/article>\n<article><img src=\"https:\/\/www.aluminiodelparana.com.ar\/wp-content\/uploads\/2022\/03\/copia-conflictiva-L226.png\" alt=\"AP 1145\"><a href=\"https:\/\/www.aluminiodelparana.com.ar\/index.php\/product-category\/perfiles\/\">Perfiles<\/a><\/p>\n<h2><a href=\"https:\/\/www.aluminiodelparana.com.ar\/index.php\/product\/ap-1145\/\">AP 1145<\/a><\/h2>\n<p><a rel=\"nofollow\" aria-label=\"Eleg\u00ed las opciones para &ldquo;AP 1145&rdquo;\" data-product_id=\"913\" data-product_sku=\"\" data-atc-popup=\"\" data-atc-animation=\"\" data-atc-fade-out-in=\"\" data-atc-animation-time=\"\" href=\"https:\/\/www.aluminiodelparana.com.ar\/index.php\/product\/ap-1145\/\">Ver producto<\/a><\/article>\n<article><img src=\"https:\/\/www.aluminiodelparana.com.ar\/wp-content\/uploads\/2022\/03\/copia-conflictiva-L225.png\" alt=\"AP 1144\"><a href=\"https:\/\/www.aluminiodelparana.com.ar\/index.php\/product-category\/perfiles\/\">Perfiles<\/a><\/p>\n<h2><a href=\"https:\/\/www.aluminiodelparana.com.ar\/index.php\/product\/ap-1144-0-257-kg-m\/\">AP 1144<\/a><\/h2>\n<p><a rel=\"nofollow\" aria-label=\"Eleg\u00ed las opciones para &ldquo;AP 1144&rdquo;\" data-product_id=\"910\" data-product_sku=\"\" data-atc-popup=\"\" data-atc-animation=\"\" data-atc-fade-out-in=\"\" data-atc-animation-time=\"\" href=\"https:\/\/www.aluminiodelparana.com.ar\/index.php\/product\/ap-1144-0-257-kg-m\/\">Ver producto<\/a><\/article>\n<article><img src=\"https:\/\/www.aluminiodelparana.com.ar\/wp-content\/uploads\/2022\/03\/copia-conflictiva-L224.png\" alt=\"AP 1143\"><a href=\"https:\/\/www.aluminiodelparana.com.ar\/index.php\/product-category\/perfiles\/\">Perfiles<\/a><\/p>\n<h2><a href=\"https:\/\/www.aluminiodelparana.com.ar\/index.php\/product\/ap-1143\/\">AP 1143<\/a><\/h2>\n<p><a rel=\"nofollow\" aria-label=\"Eleg\u00ed las opciones para &ldquo;AP 1143&rdquo;\" data-product_id=\"907\" data-product_sku=\"\" data-atc-popup=\"\" data-atc-animation=\"\" data-atc-fade-out-in=\"\" data-atc-animation-time=\"\" href=\"https:\/\/www.aluminiodelparana.com.ar\/index.php\/product\/ap-1143\/\">Ver producto<\/a><\/article>\n<article><img src=\"https:\/\/www.aluminiodelparana.com.ar\/wp-content\/uploads\/2022\/03\/copia-conflictiva-L223.png\" alt=\"AP 1347\"><a href=\"https:\/\/www.aluminiodelparana.com.ar\/index.php\/product-category\/perfiles\/\">Perfiles<\/a><\/p>\n<h2><a href=\"https:\/\/www.aluminiodelparana.com.ar\/index.php\/product\/ap-1347\/\">AP 1347<\/a><\/h2>\n<p><a rel=\"nofollow\" aria-label=\"Eleg\u00ed las opciones para &ldquo;AP 1347&rdquo;\" data-product_id=\"904\" data-product_sku=\"\" data-atc-popup=\"\" data-atc-animation=\"\" data-atc-fade-out-in=\"\" data-atc-animation-time=\"\" href=\"https:\/\/www.aluminiodelparana.com.ar\/index.php\/product\/ap-1347\/\">Ver producto<\/a><\/article>\n<\/section>\n<p><a href=\"https:\/\/www.aluminiodelparana.com.ar\/wp-admin\/admin-ajax.php?paged=2\">Cargar m\u00e1s<\/a><\/p>\n<p>End of Content.<\/p>\n","protected":false},"excerpt":{"rendered":"<p>ALUMINIO DEL PARAN\u00c1 Perfiles de aluminio CAT\u00c1LOGO CONTAMOS CON UN CAT\u00c1LOGO CON MUCHA VARIEDAD DE POSIBILIDADES MIRALO HACIENDO CLICK AC\u00c1 ESPECIALISTAS EN PERFILES ALUMINIO DEL PARAN\u00c1 Perfiles de aluminio CAT\u00c1LOGO &hellip; <\/p>\n","protected":false},"author":1,"featured_media":0,"parent":0,"menu_order":0,"comment_status":"closed","ping_status":"closed","template":"elementor_header_footer","meta":[],"_links":{"self":[{"href":"https:\/\/www.aluminiodelparana.com.ar\/index.php\/wp-json\/wp\/v2\/pages\/936"}],"collection":[{"href":"https:\/\/www.aluminiodelparana.com.ar\/index.php\/wp-json\/wp\/v2\/pages"}],"about":[{"href":"https:\/\/www.aluminiodelparana.com.ar\/index.php\/wp-json\/wp\/v2\/types\/page"}],"author":[{"embeddable":true,"href":"https:\/\/www.aluminiodelparana.com.ar\/index.php\/wp-json\/wp\/v2\/users\/1"}],"replies":[{"embeddable":true,"href":"https:\/\/www.aluminiodelparana.com.ar\/index.php\/wp-json\/wp\/v2\/comments?post=936"}],"version-history":[{"count":55,"href":"https:\/\/www.aluminiodelparana.com.ar\/index.php\/wp-json\/wp\/v2\/pages\/936\/revisions"}],"predecessor-version":[{"id":1156,"href":"https:\/\/www.aluminiodelparana.com.ar\/index.php\/wp-json\/wp\/v2\/pages\/936\/revisions\/1156"}],"wp:attachment":[{"href":"https:\/\/www.aluminiodelparana.com.ar\/index.php\/wp-json\/wp\/v2\/media?parent=936"}],"curies":[{"name":"wp","href":"https:\/\/api.w.org\/{rel}","templated":true}]}}