{"id":1072,"date":"2022-07-27T16:38:07","date_gmt":"2022-07-27T19:38:07","guid":{"rendered":"https:\/\/www.aluminiodelparana.com.ar\/?page_id=1072"},"modified":"2022-08-16T10:21:20","modified_gmt":"2022-08-16T13:21:20","slug":"contacto","status":"publish","type":"page","link":"https:\/\/www.aluminiodelparana.com.ar\/index.php\/contacto\/","title":{"rendered":"Contacto"},"content":{"rendered":"<style>\/*! elementor - v3.7.1 - 14-08-2022 *\/\n.elementor-heading-title{padding:0;margin:0;line-height:1}.elementor-widget-heading .elementor-heading-title[class*=elementor-size-]>a{color:inherit;font-size:inherit;line-height:inherit}.elementor-widget-heading .elementor-heading-title.elementor-size-small{font-size:15px}.elementor-widget-heading .elementor-heading-title.elementor-size-medium{font-size:19px}.elementor-widget-heading .elementor-heading-title.elementor-size-large{font-size:29px}.elementor-widget-heading .elementor-heading-title.elementor-size-xl{font-size:39px}.elementor-widget-heading .elementor-heading-title.elementor-size-xxl{font-size:59px}<\/style>\n<h2>\u00a1Contactate con nuestro equipo!<\/h2>\n<style>\/*! elementor - v3.7.1 - 14-08-2022 *\/\n.elementor-widget-image{text-align:center}.elementor-widget-image a{display:inline-block}.elementor-widget-image a img[src$=\".svg\"]{width:48px}.elementor-widget-image img{vertical-align:middle;display:inline-block}<\/style>\n<p>\t\t\t\t\t\t\t\t\t\t\t\t<img width=\"2560\" height=\"1707\" src=\"https:\/\/www.aluminiodelparana.com.ar\/wp-content\/uploads\/2022\/07\/pexels-mikhail-nilov-8297073-scaled.jpg\" alt=\"\" loading=\"lazy\" srcset=\"https:\/\/www.aluminiodelparana.com.ar\/wp-content\/uploads\/2022\/07\/pexels-mikhail-nilov-8297073-scaled.jpg 2560w, https:\/\/www.aluminiodelparana.com.ar\/wp-content\/uploads\/2022\/07\/pexels-mikhail-nilov-8297073-300x200.jpg 300w, https:\/\/www.aluminiodelparana.com.ar\/wp-content\/uploads\/2022\/07\/pexels-mikhail-nilov-8297073-1024x683.jpg 1024w, https:\/\/www.aluminiodelparana.com.ar\/wp-content\/uploads\/2022\/07\/pexels-mikhail-nilov-8297073-768x512.jpg 768w, https:\/\/www.aluminiodelparana.com.ar\/wp-content\/uploads\/2022\/07\/pexels-mikhail-nilov-8297073-1536x1024.jpg 1536w, https:\/\/www.aluminiodelparana.com.ar\/wp-content\/uploads\/2022\/07\/pexels-mikhail-nilov-8297073-2048x1365.jpg 2048w, https:\/\/www.aluminiodelparana.com.ar\/wp-content\/uploads\/2022\/07\/pexels-mikhail-nilov-8297073-90x60.jpg 90w, https:\/\/www.aluminiodelparana.com.ar\/wp-content\/uploads\/2022\/07\/pexels-mikhail-nilov-8297073-370x247.jpg 370w, https:\/\/www.aluminiodelparana.com.ar\/wp-content\/uploads\/2022\/07\/pexels-mikhail-nilov-8297073-776x517.jpg 776w, https:\/\/www.aluminiodelparana.com.ar\/wp-content\/uploads\/2022\/07\/pexels-mikhail-nilov-8297073-600x400.jpg 600w\" sizes=\"(max-width: 2560px) 100vw, 2560px\" \/>\t\t\t\t\t\t\t\t\t\t\t\t\t\t\t<\/p>\n<figure>\n\t\t\t\t\t\t\t<\/figure>\n<h2>Ubicaci\u00f3n<\/h2>\n<p>Paran\u00e1, Entre R\u00edos, Argentina<\/p>\n<figure>\n\t\t\t\t\t\t\t<\/figure>\n<h2>Correo electr\u00f3nico<\/h2>\n<p>aluminiodelparana@gmail.com\n<\/p>\n<figure>\n\t\t\t\t\t\t\t<\/figure>\n<h2>Tel\u00e9fono<\/h2>\n<p>03482 &#8211; 454241 \n<\/p>\n<form action=\"https:\/\/www.aluminiodelparana.com.ar\/wp-admin\/admin-post.php\" method=\"post\" name=\"content-form-7b94641\" id=\"content-form-7b94641\"><input type=\"hidden\" id=\"_wpnonce_contact\" name=\"_wpnonce_contact\" value=\"08c0387b22\" \/><input type=\"hidden\" name=\"_wp_http_referer\" value=\"\/wp-admin\/admin-ajax.php\" \/><input type=\"hidden\" name=\"action\" value=\"content_form_submit\" \/><input type=\"hidden\" name=\"form-type\" value=\"contact\" \/><input type=\"hidden\" name=\"form-builder\" value=\"elementor\" \/><input type=\"hidden\" name=\"post-id\" value=\"1072\" \/><input type=\"hidden\" name=\"form-id\" value=\"7b94641\" \/><\/p>\n<fieldset><label for=\"data[7b94641][name]\" >Nombre *<\/label><input type=\"text\" name=\"data[7b94641][name]\" id=\"data[7b94641][name]\" required=\"required\"  placeholder=\"Nombre\"><\/fieldset>\n<fieldset><label for=\"data[7b94641][email]\" >Correo electr\u00f3nico *<\/label><input type=\"text\" name=\"data[7b94641][email]\" id=\"data[7b94641][email]\" required=\"required\"  placeholder=\"Correo electr\u00f3nico\"><\/fieldset>\n<fieldset><label for=\"data[7b94641][phone]\" >Tel\u00e9fono<\/label><input type=\"text\" name=\"data[7b94641][phone]\" id=\"data[7b94641][phone]\"   placeholder=\"Tel\u00e9fono\"><\/fieldset>\n<fieldset><label for=\"data[7b94641][message]\" >Mensaje *<\/label><textarea name=\"data[7b94641][message]\" id=\"data[7b94641][message]\"  required=\"required\" placeholder=\"Mensaje\" cols=\"30\" rows=\"5\"><\/textarea><\/fieldset>\n<fieldset><button type=\"submit\" name=\"submit\"  value=\"submit-contact-7b94641\">Enviar<\/button><\/fieldset>\n<\/form>\n","protected":false},"excerpt":{"rendered":"<p>\u00a1Contactate con nuestro equipo! Ubicaci\u00f3n Paran\u00e1, Entre R\u00edos, Argentina Correo electr\u00f3nico aluminiodelparana@gmail.com Tel\u00e9fono 03482 &#8211; 454241 Nombre * Correo electr\u00f3nico * Tel\u00e9fono Mensaje * Enviar<\/p>\n","protected":false},"author":1,"featured_media":0,"parent":0,"menu_order":0,"comment_status":"closed","ping_status":"closed","template":"","meta":[],"_links":{"self":[{"href":"https:\/\/www.aluminiodelparana.com.ar\/index.php\/wp-json\/wp\/v2\/pages\/1072"}],"collection":[{"href":"https:\/\/www.aluminiodelparana.com.ar\/index.php\/wp-json\/wp\/v2\/pages"}],"about":[{"href":"https:\/\/www.aluminiodelparana.com.ar\/index.php\/wp-json\/wp\/v2\/types\/page"}],"author":[{"embeddable":true,"href":"https:\/\/www.aluminiodelparana.com.ar\/index.php\/wp-json\/wp\/v2\/users\/1"}],"replies":[{"embeddable":true,"href":"https:\/\/www.aluminiodelparana.com.ar\/index.php\/wp-json\/wp\/v2\/comments?post=1072"}],"version-history":[{"count":13,"href":"https:\/\/www.aluminiodelparana.com.ar\/index.php\/wp-json\/wp\/v2\/pages\/1072\/revisions"}],"predecessor-version":[{"id":1121,"href":"https:\/\/www.aluminiodelparana.com.ar\/index.php\/wp-json\/wp\/v2\/pages\/1072\/revisions\/1121"}],"wp:attachment":[{"href":"https:\/\/www.aluminiodelparana.com.ar\/index.php\/wp-json\/wp\/v2\/media?parent=1072"}],"curies":[{"name":"wp","href":"https:\/\/api.w.org\/{rel}","templated":true}]}}